{"id":148,"date":"2024-10-31T16:30:32","date_gmt":"2024-10-31T14:30:32","guid":{"rendered":"https:\/\/dzbasictech.com\/?page_id=148"},"modified":"2026-03-19T10:22:26","modified_gmt":"2026-03-19T08:22:26","slug":"despre-noi","status":"publish","type":"page","link":"https:\/\/dzbasictech.com\/en\/despre-noi\/","title":{"rendered":"About us"},"content":{"rendered":"<style>.kb-row-layout-id148_28d0e1-38 > .kt-row-column-wrap{align-content:start;}:where(.kb-row-layout-id148_28d0e1-38 > .kt-row-column-wrap) > .wp-block-kadence-column{justify-content:start;}.kb-row-layout-id148_28d0e1-38 > .kt-row-column-wrap{column-gap:var(--global-kb-gap-md, 2rem);row-gap:var(--global-kb-gap-md, 2rem);max-width:1400px;margin-left:auto;margin-right:auto;padding-top:230px;padding-right:60px;padding-bottom:230px;padding-left:60px;grid-template-columns:minmax(0, 1fr);}.kb-row-layout-id148_28d0e1-38{background-color:#222534;background-image:url('https:\/\/dzbasictech.com\/wp-content\/uploads\/2024\/12\/despre-noi-dzbasictech.com_.png');background-size:cover;background-position:center center;background-attachment:scroll;background-repeat:no-repeat;}.kb-row-layout-id148_28d0e1-38 > .kt-row-layout-overlay{opacity:0.65;background-color:#222534;}@media all and (max-width: 1024px){.kb-row-layout-id148_28d0e1-38 > .kt-row-column-wrap{grid-template-columns:minmax(0, 1fr);}}@media all and (max-width: 767px){.kb-row-layout-id148_28d0e1-38 > .kt-row-column-wrap{padding-top:100px;padding-right:20px;padding-bottom:100px;padding-left:20px;grid-template-columns:minmax(0, 1fr);}}<\/style><div class=\"kb-row-layout-wrap kb-row-layout-id148_28d0e1-38 alignnone kt-row-has-bg wp-block-kadence-rowlayout\"><div class=\"kt-row-layout-overlay kt-row-overlay-normal\"><\/div><div class=\"kt-row-column-wrap kt-has-1-columns kt-row-layout-equal kt-tab-layout-inherit kt-mobile-layout-row kt-row-valign-top\">\n<style>.kadence-column148_5582fc-34 > .kt-inside-inner-col{display:flex;}.kadence-column148_5582fc-34 > .kt-inside-inner-col,.kadence-column148_5582fc-34 > .kt-inside-inner-col:before{border-top-left-radius:0px;border-top-right-radius:0px;border-bottom-right-radius:0px;border-bottom-left-radius:0px;}.kadence-column148_5582fc-34 > .kt-inside-inner-col{column-gap:var(--global-kb-gap-sm, 1rem);}.kadence-column148_5582fc-34 > .kt-inside-inner-col{flex-direction:column;align-items:flex-start;}.kadence-column148_5582fc-34 > .kt-inside-inner-col > .kb-image-is-ratio-size{align-self:stretch;}.kadence-column148_5582fc-34 > .kt-inside-inner-col > .wp-block-kadence-advancedgallery{align-self:stretch;}.kadence-column148_5582fc-34 > .kt-inside-inner-col > .aligncenter{width:100%;}.kadence-column148_5582fc-34 > .kt-inside-inner-col:before{opacity:0.3;}.kadence-column148_5582fc-34{position:relative;}@media all and (max-width: 1024px){.kadence-column148_5582fc-34 > .kt-inside-inner-col{flex-direction:column;align-items:flex-start;}}@media all and (max-width: 767px){.kadence-column148_5582fc-34 > .kt-inside-inner-col{flex-direction:column;align-items:flex-start;}}<\/style>\n<div class=\"wp-block-kadence-column kadence-column148_5582fc-34\"><div class=\"kt-inside-inner-col\"><style>.wp-block-kadence-advancedheading.kt-adv-heading148_23c932-1d, .wp-block-kadence-advancedheading.kt-adv-heading148_23c932-1d[data-kb-block=\"kb-adv-heading148_23c932-1d\"]{max-width:494px;font-size:48px;line-height:56px;font-weight:400;font-style:normal;font-family:Bungee;text-transform:capitalize;color:#ffffff;}.wp-block-kadence-advancedheading.kt-adv-heading148_23c932-1d mark.kt-highlight, .wp-block-kadence-advancedheading.kt-adv-heading148_23c932-1d[data-kb-block=\"kb-adv-heading148_23c932-1d\"] mark.kt-highlight{font-style:normal;color:#ff5500;-webkit-box-decoration-break:clone;box-decoration-break:clone;padding-top:0px;padding-right:0px;padding-bottom:0px;padding-left:0px;}@media all and (max-width: 767px){.wp-block-kadence-advancedheading.kt-adv-heading148_23c932-1d, .wp-block-kadence-advancedheading.kt-adv-heading148_23c932-1d[data-kb-block=\"kb-adv-heading148_23c932-1d\"]{font-size:35px;line-height:40px;}}<\/style>\n<h2 class=\"kt-adv-heading148_23c932-1d wp-block-kadence-advancedheading\" data-kb-block=\"kb-adv-heading148_23c932-1d\">ABOUT US<\/h2>\n\n\n<style>.wp-block-kadence-advancedheading.kt-adv-heading148_3aa042-a7, .wp-block-kadence-advancedheading.kt-adv-heading148_3aa042-a7[data-kb-block=\"kb-adv-heading148_3aa042-a7\"]{max-width:647px;padding-bottom:50px;font-size:18px;line-height:24px;font-weight:400;font-style:normal;font-family:'Open Sans';text-transform:none;color:#ffffff;}.wp-block-kadence-advancedheading.kt-adv-heading148_3aa042-a7 mark.kt-highlight, .wp-block-kadence-advancedheading.kt-adv-heading148_3aa042-a7[data-kb-block=\"kb-adv-heading148_3aa042-a7\"] mark.kt-highlight{font-style:normal;color:#f76a0c;-webkit-box-decoration-break:clone;box-decoration-break:clone;padding-top:0px;padding-right:0px;padding-bottom:0px;padding-left:0px;}<\/style>\n<h2 class=\"kt-adv-heading148_3aa042-a7 wp-block-kadence-advancedheading\" data-kb-block=\"kb-adv-heading148_3aa042-a7\">Founded in 2016, DZ Basic Technology SRL is a private company committed to excellence in <strong>engineering, technical consulting, and mechanical operations.<\/strong>Our expertise covers the design and production of high-precision tools, equipment, and devices, tailored to various industries, including automotive.<\/h2>\n\n\n<style>.wp-block-kadence-advancedbtn.kb-btns148_7d281c-38{gap:var(--global-kb-gap-xs, 0.5rem );justify-content:flex-start;align-items:center;}.kt-btns148_7d281c-38 .kt-button{font-weight:normal;font-style:normal;}.kt-btns148_7d281c-38 .kt-btn-wrap-0{margin-right:5px;}.wp-block-kadence-advancedbtn.kt-btns148_7d281c-38 .kt-btn-wrap-0 .kt-button{color:#555555;border-color:#555555;}.wp-block-kadence-advancedbtn.kt-btns148_7d281c-38 .kt-btn-wrap-0 .kt-button:hover, .wp-block-kadence-advancedbtn.kt-btns148_7d281c-38 .kt-btn-wrap-0 .kt-button:focus{color:#ffffff;border-color:#444444;}.wp-block-kadence-advancedbtn.kt-btns148_7d281c-38 .kt-btn-wrap-0 .kt-button::before{display:none;}.wp-block-kadence-advancedbtn.kt-btns148_7d281c-38 .kt-btn-wrap-0 .kt-button:hover, .wp-block-kadence-advancedbtn.kt-btns148_7d281c-38 .kt-btn-wrap-0 .kt-button:focus{background:#444444;}<\/style>\n<div class=\"wp-block-kadence-advancedbtn kb-buttons-wrap kb-btns148_7d281c-38\"><style>ul.menu .wp-block-kadence-advancedbtn .kb-btn148_d2f938-68.kb-button{width:initial;}.wp-block-kadence-advancedbtn .kb-btn148_d2f938-68.kb-button{color:#ffffff;background:#36394a;font-family:Bungee;font-weight:400;padding-top:24px;padding-right:36px;padding-bottom:24px;padding-left:36px;}.wp-block-kadence-advancedbtn .kb-btn148_d2f938-68.kb-button:hover, .wp-block-kadence-advancedbtn .kb-btn148_d2f938-68.kb-button:focus{color:#7295bb;background:#36394a;}@media all and (max-width: 1024px){.kb-btn148_d2f938-68.kb-button .kb-svg-icon-wrap{display:block;}}@media all and (max-width: 767px){.wp-block-kadence-advancedbtn .kb-btn148_d2f938-68.kb-button{padding-top:14px;padding-right:26px;padding-bottom:14px;padding-left:26px;}}<\/style><a class=\"kb-button kt-button button kb-btn148_d2f938-68 kt-btn-size-small kt-btn-width-type-auto kb-btn-global-fill kt-btn-has-text-true kt-btn-has-svg-false wp-block-kadence-singlebtn\" href=\"https:\/\/dzbasictech.com\/en\/contact\/\"><span class=\"kt-btn-inner-text\">Contact us for more information<\/span><\/a><\/div>\n<\/div><\/div>\n\n<\/div><\/div>\n\n<style>.kb-row-layout-id148_b5f8c2-94 > .kt-row-column-wrap{align-content:start;}:where(.kb-row-layout-id148_b5f8c2-94 > .kt-row-column-wrap) > .wp-block-kadence-column{justify-content:start;}.kb-row-layout-id148_b5f8c2-94 > .kt-row-column-wrap{column-gap:var(--global-kb-gap-none, 0rem );row-gap:var(--global-kb-gap-md, 2rem);max-width:1590px;margin-left:auto;margin-right:auto;padding-top:80px;padding-right:60px;padding-bottom:80px;padding-left:60px;grid-template-columns:repeat(3, minmax(0, 1fr));}.kb-row-layout-id148_b5f8c2-94{background-color:#292b38;}.kb-row-layout-id148_b5f8c2-94 > .kt-row-layout-overlay{opacity:0.30;}@media all and (max-width: 1024px){.kb-row-layout-id148_b5f8c2-94 > .kt-row-column-wrap{grid-template-columns:repeat(3, minmax(0, 1fr));}}@media all and (max-width: 767px){.kb-row-layout-id148_b5f8c2-94 > .kt-row-column-wrap{padding-right:0px;padding-left:0px;grid-template-columns:minmax(0, 1fr);}}<\/style><div class=\"kb-row-layout-wrap kb-row-layout-id148_b5f8c2-94 alignnone kt-row-has-bg wp-block-kadence-rowlayout\"><div class=\"kt-row-column-wrap kt-has-3-columns kt-row-layout-equal kt-tab-layout-inherit kt-mobile-layout-row kt-row-valign-top\">\n<style>.kadence-column148_d987af-33 > .kt-inside-inner-col{display:flex;}.kadence-column148_d987af-33 > .kt-inside-inner-col{padding-right:20px;padding-bottom:24px;padding-left:20px;}.kadence-column148_d987af-33 > .kt-inside-inner-col,.kadence-column148_d987af-33 > .kt-inside-inner-col:before{border-top-left-radius:0px;border-top-right-radius:0px;border-bottom-right-radius:0px;border-bottom-left-radius:0px;}.kadence-column148_d987af-33 > .kt-inside-inner-col{column-gap:var(--global-kb-gap-sm, 1rem);}.kadence-column148_d987af-33 > .kt-inside-inner-col{flex-direction:column;align-items:center;}.kadence-column148_d987af-33 > .kt-inside-inner-col > .kb-image-is-ratio-size{align-self:stretch;}.kadence-column148_d987af-33 > .kt-inside-inner-col > .wp-block-kadence-advancedgallery{align-self:stretch;}.kadence-column148_d987af-33 > .kt-inside-inner-col > .aligncenter{width:100%;}.kadence-column148_d987af-33 > .kt-inside-inner-col:before{opacity:0.3;}.kadence-column148_d987af-33{position:relative;}@media all and (max-width: 1024px){.kadence-column148_d987af-33 > .kt-inside-inner-col{flex-direction:column;align-items:center;}}@media all and (max-width: 767px){.kadence-column148_d987af-33 > .kt-inside-inner-col{padding-right:0px;padding-left:0px;flex-direction:column;align-items:center;}}<\/style>\n<div class=\"wp-block-kadence-column kadence-column148_d987af-33\"><div class=\"kt-inside-inner-col\"><style>.kb-count-up-148_fc21e8-ed .kb-count-up-title{color:#ffffff;font-size:20px;line-height:24px;font-family:'Open Sans';font-weight:400;}.kb-count-up-148_fc21e8-ed .kb-count-up-title{text-align:center;}.kb-count-up-148_fc21e8-ed .kb-count-up-number{color:#ffffff;font-size:94px;font-family:Bungee;font-weight:400;}.kb-count-up-148_fc21e8-ed .kb-count-up-number{text-align:center;}@media all and (max-width: 767px){.kb-count-up-148_fc21e8-ed .kb-count-up-number{font-size:var(--global-kb-font-size-lg, 2rem);}}<\/style>\n<div class=\"wp-block-kadence-countup kb-count-up-148_fc21e8-ed kb-count-up\" data-start=\"0\" data-end=\"9875\" data-prefix=\"+\" data-suffix=\"\" data-duration=\"2.5\" data-separator=\".\"><div class=\"kb-count-up-process kb-count-up-number\"><\/div><div class=\"kb-count-up-title\">of products supplied to our clients<\/div><\/div>\n<\/div><\/div>\n\n\n<style>.kadence-column148_ca0b75-67 > .kt-inside-inner-col{padding-right:20px;padding-bottom:24px;padding-left:20px;}.kadence-column148_ca0b75-67 > .kt-inside-inner-col,.kadence-column148_ca0b75-67 > .kt-inside-inner-col:before{border-top-left-radius:0px;border-top-right-radius:0px;border-bottom-right-radius:0px;border-bottom-left-radius:0px;}.kadence-column148_ca0b75-67 > .kt-inside-inner-col{column-gap:var(--global-kb-gap-sm, 1rem);}.kadence-column148_ca0b75-67 > .kt-inside-inner-col{flex-direction:column;}.kadence-column148_ca0b75-67 > .kt-inside-inner-col > .aligncenter{width:100%;}.kadence-column148_ca0b75-67 > .kt-inside-inner-col:before{opacity:0.3;}.kadence-column148_ca0b75-67{position:relative;}@media all and (max-width: 1024px){.kadence-column148_ca0b75-67 > .kt-inside-inner-col{flex-direction:column;}}@media all and (max-width: 767px){.kadence-column148_ca0b75-67 > .kt-inside-inner-col{padding-right:0px;padding-left:0px;flex-direction:column;}}<\/style>\n<div class=\"wp-block-kadence-column kadence-column148_ca0b75-67\"><div class=\"kt-inside-inner-col\"><style>.kb-count-up-148_30a776-75 .kb-count-up-title{color:#ffffff;font-size:20px;line-height:24px;font-family:'Open Sans';font-weight:400;}.kb-count-up-148_30a776-75 .kb-count-up-title{text-align:center;}.kb-count-up-148_30a776-75 .kb-count-up-number{color:#ffffff;font-size:94px;font-family:Bungee;font-weight:400;}.kb-count-up-148_30a776-75 .kb-count-up-number{text-align:center;}<\/style>\n<div class=\"wp-block-kadence-countup kb-count-up-148_30a776-75 kb-count-up\" data-start=\"0\" data-end=\"685\" data-prefix=\"+\" data-suffix=\"\" data-duration=\"3.5\" data-separator=\"\"><div class=\"kb-count-up-process kb-count-up-number\"><\/div><div class=\"kb-count-up-title\">of satisfied clients<\/div><\/div>\n<\/div><\/div>\n\n\n<style>.kadence-column148_8ad457-93 > .kt-inside-inner-col{padding-right:20px;padding-bottom:24px;padding-left:20px;}.kadence-column148_8ad457-93 > .kt-inside-inner-col,.kadence-column148_8ad457-93 > .kt-inside-inner-col:before{border-top-left-radius:0px;border-top-right-radius:0px;border-bottom-right-radius:0px;border-bottom-left-radius:0px;}.kadence-column148_8ad457-93 > .kt-inside-inner-col{column-gap:var(--global-kb-gap-sm, 1rem);}.kadence-column148_8ad457-93 > .kt-inside-inner-col{flex-direction:column;}.kadence-column148_8ad457-93 > .kt-inside-inner-col > .aligncenter{width:100%;}.kadence-column148_8ad457-93 > .kt-inside-inner-col:before{opacity:0.3;}.kadence-column148_8ad457-93{position:relative;}@media all and (max-width: 1024px){.kadence-column148_8ad457-93 > .kt-inside-inner-col{flex-direction:column;}}@media all and (max-width: 767px){.kadence-column148_8ad457-93 > .kt-inside-inner-col{padding-right:0px;padding-left:0px;flex-direction:column;}}<\/style>\n<div class=\"wp-block-kadence-column kadence-column148_8ad457-93\"><div class=\"kt-inside-inner-col\"><style>.kb-count-up-148_e0e421-7a .kb-count-up-title{color:#ffffff;font-size:20px;line-height:24px;font-family:'Open Sans';font-weight:400;}.kb-count-up-148_e0e421-7a .kb-count-up-title{text-align:center;}.kb-count-up-148_e0e421-7a .kb-count-up-number{color:#ffffff;font-size:94px;font-family:Bungee;font-weight:400;}.kb-count-up-148_e0e421-7a .kb-count-up-number{text-align:center;}<\/style>\n<div class=\"wp-block-kadence-countup kb-count-up-148_e0e421-7a kb-count-up\" data-start=\"0\" data-end=\"9\" data-prefix=\"+\" data-suffix=\"\" data-duration=\"2.5\" data-separator=\"\"><div class=\"kb-count-up-process kb-count-up-number\"><\/div><div class=\"kb-count-up-title\">years of experience <\/div><\/div>\n<\/div><\/div>\n\n<\/div><\/div>\n\n<style>.kb-row-layout-id148_dde3b6-f8 > .kt-row-column-wrap{align-content:start;}:where(.kb-row-layout-id148_dde3b6-f8 > .kt-row-column-wrap) > .wp-block-kadence-column{justify-content:start;}.kb-row-layout-id148_dde3b6-f8 > .kt-row-column-wrap{column-gap:var(--global-kb-gap-none, 0rem );row-gap:var(--global-kb-gap-md, 2rem);max-width:1519px;margin-left:auto;margin-right:auto;padding-top:139px;padding-right:60px;padding-bottom:140px;padding-left:60px;grid-template-columns:repeat(2, minmax(0, 1fr));}.kb-row-layout-id148_dde3b6-f8{background-color:#292b38;}.kb-row-layout-id148_dde3b6-f8 > .kt-row-layout-overlay{opacity:0.30;}@media all and (max-width: 1024px){.kb-row-layout-id148_dde3b6-f8 > .kt-row-column-wrap{grid-template-columns:repeat(2, minmax(0, 1fr));}}@media all and (max-width: 767px){.kb-row-layout-id148_dde3b6-f8 > .kt-row-column-wrap{padding-top:17px;padding-right:var(--global-kb-spacing-xs, 1rem);padding-bottom:50px;padding-left:var(--global-kb-spacing-xs, 1rem);grid-template-columns:minmax(0, 1fr);}}<\/style><div class=\"kb-row-layout-wrap kb-row-layout-id148_dde3b6-f8 alignnone kt-row-has-bg wp-block-kadence-rowlayout\"><div class=\"kt-row-column-wrap kt-has-2-columns kt-row-layout-equal kt-tab-layout-inherit kt-mobile-layout-row kt-row-valign-top\">\n<style>.kadence-column148_ed75f1-4d > .kt-inside-inner-col{display:flex;}.kadence-column148_ed75f1-4d > .kt-inside-inner-col{padding-right:60px;padding-left:20px;}.kadence-column148_ed75f1-4d > .kt-inside-inner-col,.kadence-column148_ed75f1-4d > .kt-inside-inner-col:before{border-top-left-radius:0px;border-top-right-radius:0px;border-bottom-right-radius:0px;border-bottom-left-radius:0px;}.kadence-column148_ed75f1-4d > .kt-inside-inner-col{column-gap:var(--global-kb-gap-sm, 1rem);}.kadence-column148_ed75f1-4d > .kt-inside-inner-col{flex-direction:column;justify-content:center;}.kadence-column148_ed75f1-4d > .kt-inside-inner-col > .aligncenter{width:100%;}.kt-row-column-wrap > .kadence-column148_ed75f1-4d{align-self:center;}.kt-inner-column-height-full:not(.kt-has-1-columns) > .wp-block-kadence-column.kadence-column148_ed75f1-4d{align-self:auto;}.kt-inner-column-height-full:not(.kt-has-1-columns) > .wp-block-kadence-column.kadence-column148_ed75f1-4d > .kt-inside-inner-col{flex-direction:column;justify-content:center;}.kadence-column148_ed75f1-4d > .kt-inside-inner-col:before{opacity:0.3;}.kadence-column148_ed75f1-4d{position:relative;}@media all and (max-width: 1024px){.kt-row-column-wrap > .kadence-column148_ed75f1-4d{align-self:center;}}@media all and (max-width: 1024px){.kt-inner-column-height-full:not(.kt-has-1-columns) > .wp-block-kadence-column.kadence-column148_ed75f1-4d{align-self:auto;}}@media all and (max-width: 1024px){.kt-inner-column-height-full:not(.kt-has-1-columns) > .wp-block-kadence-column.kadence-column148_ed75f1-4d > .kt-inside-inner-col{flex-direction:column;justify-content:center;}}@media all and (max-width: 1024px){.kadence-column148_ed75f1-4d > .kt-inside-inner-col{flex-direction:column;}}@media all and (max-width: 767px){.kadence-column148_ed75f1-4d > .kt-inside-inner-col{padding-right:0px;padding-left:0px;flex-direction:column;}.kt-row-column-wrap > .kadence-column148_ed75f1-4d{align-self:center;}.kt-inner-column-height-full:not(.kt-has-1-columns) > .wp-block-kadence-column.kadence-column148_ed75f1-4d{align-self:auto;}.kt-inner-column-height-full:not(.kt-has-1-columns) > .wp-block-kadence-column.kadence-column148_ed75f1-4d > .kt-inside-inner-col{flex-direction:column;justify-content:center;}}<\/style>\n<div class=\"wp-block-kadence-column kadence-column148_ed75f1-4d\"><div class=\"kt-inside-inner-col\"><style>.kb-image148_c07a6a-98.kb-image-is-ratio-size, .kb-image148_c07a6a-98 .kb-image-is-ratio-size{max-width:620px;width:100%;}.wp-block-kadence-column > .kt-inside-inner-col > .kb-image148_c07a6a-98.kb-image-is-ratio-size, .wp-block-kadence-column > .kt-inside-inner-col > .kb-image148_c07a6a-98 .kb-image-is-ratio-size{align-self:unset;}.kb-image148_c07a6a-98{max-width:620px;}.image-is-svg.kb-image148_c07a6a-98{-webkit-flex:0 1 100%;flex:0 1 100%;}.image-is-svg.kb-image148_c07a6a-98 img{width:100%;}.kb-image148_c07a6a-98 .kb-image-has-overlay:after{opacity:0.3;border-top-left-radius:12px;border-top-right-radius:12px;border-bottom-right-radius:12px;border-bottom-left-radius:12px;}.kb-image148_c07a6a-98 img.kb-img, .kb-image148_c07a6a-98 .kb-img img{border-top-left-radius:12px;border-top-right-radius:12px;border-bottom-right-radius:12px;border-bottom-left-radius:12px;}<\/style>\n<figure class=\"wp-block-kadence-image kb-image148_c07a6a-98 size-full kb-image-is-ratio-size\"><div class=\"kb-is-ratio-image kb-image-ratio-land32\"><img alt=\"\" loading=\"lazy\" decoding=\"async\" width=\"846\" height=\"580\" src=\"https:\/\/dzbasictech.com\/wp-content\/uploads\/2024\/12\/dzbasictech-in-action.png\" class=\"kb-img wp-image-412\" srcset=\"https:\/\/dzbasictech.com\/wp-content\/uploads\/2024\/12\/dzbasictech-in-action.png 846w, https:\/\/dzbasictech.com\/wp-content\/uploads\/2024\/12\/dzbasictech-in-action-300x206.png 300w, https:\/\/dzbasictech.com\/wp-content\/uploads\/2024\/12\/dzbasictech-in-action-768x527.png 768w\" sizes=\"auto, (max-width: 846px) 100vw, 846px\" \/><\/div><\/figure>\n<\/div><\/div>\n\n\n<style>.kadence-column148_f3e762-e6 > .kt-inside-inner-col{display:flex;}.kadence-column148_f3e762-e6 > .kt-inside-inner-col{padding-top:29px;padding-right:20px;padding-bottom:33px;padding-left:60px;}.kadence-column148_f3e762-e6 > .kt-inside-inner-col,.kadence-column148_f3e762-e6 > .kt-inside-inner-col:before{border-top-left-radius:0px;border-top-right-radius:0px;border-bottom-right-radius:0px;border-bottom-left-radius:0px;}.kadence-column148_f3e762-e6 > .kt-inside-inner-col{column-gap:var(--global-kb-gap-sm, 1rem);}.kadence-column148_f3e762-e6 > .kt-inside-inner-col{flex-direction:column;justify-content:center;}.kadence-column148_f3e762-e6 > .kt-inside-inner-col > .aligncenter{width:100%;}.kt-row-column-wrap > .kadence-column148_f3e762-e6{align-self:center;}.kt-inner-column-height-full:not(.kt-has-1-columns) > .wp-block-kadence-column.kadence-column148_f3e762-e6{align-self:auto;}.kt-inner-column-height-full:not(.kt-has-1-columns) > .wp-block-kadence-column.kadence-column148_f3e762-e6 > .kt-inside-inner-col{flex-direction:column;justify-content:center;}.kadence-column148_f3e762-e6 > .kt-inside-inner-col:before{opacity:0.3;}.kadence-column148_f3e762-e6{position:relative;}@media all and (max-width: 1024px){.kt-row-column-wrap > .kadence-column148_f3e762-e6{align-self:center;}}@media all and (max-width: 1024px){.kt-inner-column-height-full:not(.kt-has-1-columns) > .wp-block-kadence-column.kadence-column148_f3e762-e6{align-self:auto;}}@media all and (max-width: 1024px){.kt-inner-column-height-full:not(.kt-has-1-columns) > .wp-block-kadence-column.kadence-column148_f3e762-e6 > .kt-inside-inner-col{flex-direction:column;justify-content:center;}}@media all and (max-width: 1024px){.kadence-column148_f3e762-e6 > .kt-inside-inner-col{flex-direction:column;}}@media all and (max-width: 767px){.kadence-column148_f3e762-e6 > .kt-inside-inner-col{padding-right:0px;padding-left:0px;flex-direction:column;}.kt-row-column-wrap > .kadence-column148_f3e762-e6{align-self:center;}.kt-inner-column-height-full:not(.kt-has-1-columns) > .wp-block-kadence-column.kadence-column148_f3e762-e6{align-self:auto;}.kt-inner-column-height-full:not(.kt-has-1-columns) > .wp-block-kadence-column.kadence-column148_f3e762-e6 > .kt-inside-inner-col{flex-direction:column;justify-content:center;}}<\/style>\n<div class=\"wp-block-kadence-column kadence-column148_f3e762-e6\"><div class=\"kt-inside-inner-col\"><style>.wp-block-kadence-advancedheading.kt-adv-heading148_96d21c-dc, .wp-block-kadence-advancedheading.kt-adv-heading148_96d21c-dc[data-kb-block=\"kb-adv-heading148_96d21c-dc\"]{font-size:40px;line-height:48px;font-weight:800;font-style:normal;font-family:'Open Sans';color:#ffffff;background-color:rgba(0,0,0,0);}.wp-block-kadence-advancedheading.kt-adv-heading148_96d21c-dc mark.kt-highlight, .wp-block-kadence-advancedheading.kt-adv-heading148_96d21c-dc[data-kb-block=\"kb-adv-heading148_96d21c-dc\"] mark.kt-highlight{font-style:normal;color:#7295bb;-webkit-box-decoration-break:clone;box-decoration-break:clone;padding-top:0px;padding-right:0px;padding-bottom:0px;padding-left:0px;}<\/style>\n<h2 class=\"kt-adv-heading148_96d21c-dc wp-block-kadence-advancedheading\" data-kb-block=\"kb-adv-heading148_96d21c-dc\">Truly passionate about what we do<\/h2>\n\n\n<style>.wp-block-kadence-advancedheading.kt-adv-heading148_a42eab-94, .wp-block-kadence-advancedheading.kt-adv-heading148_a42eab-94[data-kb-block=\"kb-adv-heading148_a42eab-94\"]{font-size:16px;line-height:24px;font-weight:400;font-style:normal;font-family:'Open Sans';color:#ffffff;background-color:rgba(0,0,0,0);}.wp-block-kadence-advancedheading.kt-adv-heading148_a42eab-94 mark.kt-highlight, .wp-block-kadence-advancedheading.kt-adv-heading148_a42eab-94[data-kb-block=\"kb-adv-heading148_a42eab-94\"] mark.kt-highlight{font-style:normal;color:#7295bb;-webkit-box-decoration-break:clone;box-decoration-break:clone;padding-top:0px;padding-right:0px;padding-bottom:0px;padding-left:0px;}<\/style>\n<h2 class=\"kt-adv-heading148_a42eab-94 wp-block-kadence-advancedheading\" data-kb-block=\"kb-adv-heading148_a42eab-94\">We specialize in <strong>mechanical processing<\/strong>, <strong>automation systems<\/strong>, <strong>device creation<\/strong>, <strong>CNC programming<\/strong> and <strong>equipment manufacturing<\/strong>, providing customized solutions to address the unique challenges of our clients.<\/h2>\n\n\n\n<p class=\"has-theme-palette-9-color has-text-color has-link-color wp-elements-cdc3ac5ced96cac64aeb9c5044a7c9b2\"><br>Our mission is based on <strong>professionalism, quality, and customer satisfaction<\/strong>, becoming a trusted partner in industrial innovation.<\/p>\n<\/div><\/div>\n\n<\/div><\/div>","protected":false},"excerpt":{"rendered":"<p>DESPRE NOI Fondat\u0103 \u00een 2016, DZ Basic Technology SRL este o companie privat\u0103 dedicat\u0103 excelen\u021bei \u00een inginerie, consultan\u021b\u0103 tehnic\u0103 \u0219i opera\u021biuni mecanice. Expertiza noastr\u0103 acoper\u0103 proiectarea \u0219i produc\u021bia de scule, echipamente \u0219i dispozitive de \u00eenalt\u0103 precizie, adaptate diverselor industrii, inclusiv automotive. Pasiona\u021bi cu adev\u0103rat de ceea ce facem Suntem speciliza\u021bi \u00een prelucr\u0103ri mecanice, sisteme de&#8230;<\/p>","protected":false},"author":2,"featured_media":0,"parent":0,"menu_order":0,"comment_status":"closed","ping_status":"closed","template":"","meta":{"_acf_changed":false,"_seopress_robots_primary_cat":"","_seopress_titles_title":"","_seopress_titles_desc":"","_seopress_robots_index":"","_kad_blocks_custom_css":"","_kad_blocks_head_custom_js":"","_kad_blocks_body_custom_js":"","_kad_blocks_footer_custom_js":"","_kad_post_transparent":"","_kad_post_title":"","_kad_post_layout":"","_kad_post_sidebar_id":"","_kad_post_content_style":"","_kad_post_vertical_padding":"","_kad_post_feature":"","_kad_post_feature_position":"","_kad_post_header":false,"_kad_post_footer":false,"_kad_post_classname":"","footnotes":""},"class_list":["post-148","page","type-page","status-publish","hentry"],"acf":[],"taxonomy_info":[],"featured_image_src_large":false,"author_info":{"display_name":"design1@gridfunnels.com","author_link":"https:\/\/dzbasictech.com\/en\/author\/design1gridfunnels-com\/"},"comment_info":0,"_links":{"self":[{"href":"https:\/\/dzbasictech.com\/en\/wp-json\/wp\/v2\/pages\/148","targetHints":{"allow":["GET"]}}],"collection":[{"href":"https:\/\/dzbasictech.com\/en\/wp-json\/wp\/v2\/pages"}],"about":[{"href":"https:\/\/dzbasictech.com\/en\/wp-json\/wp\/v2\/types\/page"}],"author":[{"embeddable":true,"href":"https:\/\/dzbasictech.com\/en\/wp-json\/wp\/v2\/users\/2"}],"replies":[{"embeddable":true,"href":"https:\/\/dzbasictech.com\/en\/wp-json\/wp\/v2\/comments?post=148"}],"version-history":[{"count":43,"href":"https:\/\/dzbasictech.com\/en\/wp-json\/wp\/v2\/pages\/148\/revisions"}],"predecessor-version":[{"id":682,"href":"https:\/\/dzbasictech.com\/en\/wp-json\/wp\/v2\/pages\/148\/revisions\/682"}],"wp:attachment":[{"href":"https:\/\/dzbasictech.com\/en\/wp-json\/wp\/v2\/media?parent=148"}],"curies":[{"name":"wp","href":"https:\/\/api.w.org\/{rel}","templated":true}]}}