{"id":163,"date":"2024-10-31T16:31:24","date_gmt":"2024-10-31T14:31:24","guid":{"rendered":"https:\/\/dzbasictech.com\/?page_id=163"},"modified":"2026-03-19T10:28:40","modified_gmt":"2026-03-19T08:28:40","slug":"contact","status":"publish","type":"page","link":"https:\/\/dzbasictech.com\/en\/contact\/","title":{"rendered":"Contact"},"content":{"rendered":"<style>.kb-row-layout-id163_235153-91 > .kt-row-column-wrap{align-content:start;}:where(.kb-row-layout-id163_235153-91 > .kt-row-column-wrap) > .wp-block-kadence-column{justify-content:start;}.kb-row-layout-id163_235153-91 > .kt-row-column-wrap{column-gap:var(--global-kb-gap-md, 2rem);row-gap:var(--global-kb-gap-md, 2rem);max-width:1400px;margin-left:auto;margin-right:auto;padding-top:157px;padding-right:60px;padding-bottom:50px;padding-left:60px;grid-template-columns:minmax(0, 1fr);}.kb-row-layout-id163_235153-91{background-color:#222534;}.kb-row-layout-id163_235153-91 > .kt-row-layout-overlay{opacity:0.43;background-color:#222534;}@media all and (max-width: 1024px){.kb-row-layout-id163_235153-91 > .kt-row-column-wrap{grid-template-columns:minmax(0, 1fr);}}@media all and (max-width: 767px){.kb-row-layout-id163_235153-91 > .kt-row-column-wrap{padding-top:100px;padding-right:20px;padding-bottom:100px;padding-left:20px;grid-template-columns:minmax(0, 1fr);}}<\/style><div class=\"kb-row-layout-wrap kb-row-layout-id163_235153-91 alignnone kt-row-has-bg wp-block-kadence-rowlayout\"><div class=\"kt-row-layout-overlay kt-row-overlay-normal\"><\/div><div class=\"kt-row-column-wrap kt-has-1-columns kt-row-layout-equal kt-tab-layout-inherit kt-mobile-layout-row kt-row-valign-top\">\n<style>.kadence-column163_46071f-84 > .kt-inside-inner-col{display:flex;}.kadence-column163_46071f-84 > .kt-inside-inner-col,.kadence-column163_46071f-84 > .kt-inside-inner-col:before{border-top-left-radius:0px;border-top-right-radius:0px;border-bottom-right-radius:0px;border-bottom-left-radius:0px;}.kadence-column163_46071f-84 > .kt-inside-inner-col{column-gap:var(--global-kb-gap-sm, 1rem);}.kadence-column163_46071f-84 > .kt-inside-inner-col{flex-direction:column;align-items:flex-start;}.kadence-column163_46071f-84 > .kt-inside-inner-col > .kb-image-is-ratio-size{align-self:stretch;}.kadence-column163_46071f-84 > .kt-inside-inner-col > .wp-block-kadence-advancedgallery{align-self:stretch;}.kadence-column163_46071f-84 > .kt-inside-inner-col > .aligncenter{width:100%;}.kadence-column163_46071f-84 > .kt-inside-inner-col:before{opacity:0.3;}.kadence-column163_46071f-84{position:relative;}@media all and (max-width: 1024px){.kadence-column163_46071f-84 > .kt-inside-inner-col{flex-direction:column;align-items:flex-start;}}@media all and (max-width: 767px){.kadence-column163_46071f-84 > .kt-inside-inner-col{flex-direction:column;align-items:flex-start;}}<\/style>\n<div class=\"wp-block-kadence-column kadence-column163_46071f-84\"><div class=\"kt-inside-inner-col\"><style>.wp-block-kadence-advancedheading.kt-adv-heading163_923583-31, .wp-block-kadence-advancedheading.kt-adv-heading163_923583-31[data-kb-block=\"kb-adv-heading163_923583-31\"]{text-align:center;font-size:48px;line-height:56px;font-weight:400;font-style:normal;font-family:Bungee;text-transform:capitalize;color:#ffffff;}.wp-block-kadence-advancedheading.kt-adv-heading163_923583-31 mark.kt-highlight, .wp-block-kadence-advancedheading.kt-adv-heading163_923583-31[data-kb-block=\"kb-adv-heading163_923583-31\"] mark.kt-highlight{font-style:normal;color:#ff5500;-webkit-box-decoration-break:clone;box-decoration-break:clone;padding-top:0px;padding-right:0px;padding-bottom:0px;padding-left:0px;}@media all and (max-width: 767px){.wp-block-kadence-advancedheading.kt-adv-heading163_923583-31, .wp-block-kadence-advancedheading.kt-adv-heading163_923583-31[data-kb-block=\"kb-adv-heading163_923583-31\"]{font-size:30px;line-height:40px;}}<\/style>\n<h2 class=\"kt-adv-heading163_923583-31 wp-block-kadence-advancedheading\" data-kb-block=\"kb-adv-heading163_923583-31\">Contact us<\/h2>\n<\/div><\/div>\n\n<\/div><\/div>\n\n<style>.kb-row-layout-id163_736a21-c9 > .kt-row-column-wrap{align-content:start;}:where(.kb-row-layout-id163_736a21-c9 > .kt-row-column-wrap) > .wp-block-kadence-column{justify-content:start;}.kb-row-layout-id163_736a21-c9 > .kt-row-column-wrap{column-gap:var(--global-kb-gap-none, 0rem );row-gap:var(--global-kb-gap-md, 2rem);max-width:1400px;margin-left:auto;margin-right:auto;padding-top:80px;padding-right:60px;padding-bottom:80px;padding-left:60px;grid-template-columns:repeat(2, minmax(0, 1fr));}.kb-row-layout-id163_736a21-c9{background-color:#e9edf0;}.kb-row-layout-id163_736a21-c9 > .kt-row-layout-overlay{opacity:0.30;}@media all and (max-width: 1024px){.kb-row-layout-id163_736a21-c9 > .kt-row-column-wrap{grid-template-columns:repeat(2, minmax(0, 1fr));}}@media all and (max-width: 767px){.kb-row-layout-id163_736a21-c9 > .kt-row-column-wrap{padding-right:var(--global-kb-spacing-xs, 1rem);padding-left:var(--global-kb-spacing-xs, 1rem);grid-template-columns:minmax(0, 1fr);}}<\/style><div class=\"kb-row-layout-wrap kb-row-layout-id163_736a21-c9 alignnone kt-row-has-bg wp-block-kadence-rowlayout\"><div class=\"kt-row-column-wrap kt-has-2-columns kt-row-layout-equal kt-tab-layout-inherit kt-mobile-layout-row kt-row-valign-top\">\n<style>.kadence-column163_4b0e04-45 > .kt-inside-inner-col{padding-right:20px;padding-left:0px;}.kadence-column163_4b0e04-45 > .kt-inside-inner-col,.kadence-column163_4b0e04-45 > .kt-inside-inner-col:before{border-top-left-radius:0px;border-top-right-radius:0px;border-bottom-right-radius:0px;border-bottom-left-radius:0px;}.kadence-column163_4b0e04-45 > .kt-inside-inner-col{column-gap:var(--global-kb-gap-sm, 1rem);}.kadence-column163_4b0e04-45 > .kt-inside-inner-col{flex-direction:column;}.kadence-column163_4b0e04-45 > .kt-inside-inner-col > .aligncenter{width:100%;}.kadence-column163_4b0e04-45 > .kt-inside-inner-col:before{opacity:0.3;}.kadence-column163_4b0e04-45{position:relative;}@media all and (max-width: 1024px){.kadence-column163_4b0e04-45 > .kt-inside-inner-col{flex-direction:column;}}@media all and (max-width: 767px){.kadence-column163_4b0e04-45 > .kt-inside-inner-col{flex-direction:column;}}<\/style>\n<div class=\"wp-block-kadence-column kadence-column163_4b0e04-45\"><div class=\"kt-inside-inner-col\"><style>.wp-block-kadence-advancedheading.kt-adv-heading163_9af141-9c, .wp-block-kadence-advancedheading.kt-adv-heading163_9af141-9c[data-kb-block=\"kb-adv-heading163_9af141-9c\"]{max-width:410px;font-size:40px;line-height:50px;font-weight:800;font-style:normal;font-family:'Open Sans';color:#292b38;background-color:rgba(0,0,0,0);}.wp-block-kadence-advancedheading.kt-adv-heading163_9af141-9c mark.kt-highlight, .wp-block-kadence-advancedheading.kt-adv-heading163_9af141-9c[data-kb-block=\"kb-adv-heading163_9af141-9c\"] mark.kt-highlight{font-style:normal;color:#f76a0c;-webkit-box-decoration-break:clone;box-decoration-break:clone;padding-top:0px;padding-right:0px;padding-bottom:0px;padding-left:0px;}<\/style>\n<h2 class=\"kt-adv-heading163_9af141-9c wp-block-kadence-advancedheading\" data-kb-block=\"kb-adv-heading163_9af141-9c\">How can we help you?<\/h2>\n\n\n<style>.kb-google-maps-container163_1e2cf3-fd{height:281px;}<\/style><div class=\"kb-google-maps-container kb-google-maps-container163_1e2cf3-fd  wp-block-kadence-googlemaps\" data-mapid=\"163_1e2cf3fd\"><iframe width=\"100%\" height=\"100%\"\n\t\t\t\t\t\t\tstyle=\"border:0\" loading=\"lazy\"\n\t\t\t\t\t\t\tsrc=\"https:\/\/www.google.com\/maps\/embed\/v1\/place?key=AIzaSyBAM2o7PiQqwk15LC1XRH2e_KJ-jUa7KYk&#038;zoom=17&#038;maptype=roadmap&#038;q=Str.+Campul+Linistii%2C+Nr.+5%2C+Arad\"\n\t\t\t\t\t\t\ttitle=\"Google map of Str. Campul Linistii, Nr. 5, Arad\"><\/iframe><\/div><script>function kb_google_map163_1e2cf3fd() { let center = { lat: 37.8201, lng: -122.4781}; let map = new google.maps.Map(document.getElementById(\"kb-google-map163_1e2cf3fd\"), {\n\t\t\t\t\t    zoom: 17,\n\t\t\t\t\t    center: center,});let marker = new google.maps.Marker({   position: { lat: 37.8201, lng: -122.4781},    map: map,  });}<\/script>\n\n<style>.wp-block-kadence-advancedheading.kt-adv-heading163_3122ee-cd, .wp-block-kadence-advancedheading.kt-adv-heading163_3122ee-cd[data-kb-block=\"kb-adv-heading163_3122ee-cd\"]{max-width:425px;padding-bottom:50px;font-size:16px;line-height:24px;font-weight:500;font-style:normal;font-family:'Open Sans';text-transform:none;color:#292b38;}.wp-block-kadence-advancedheading.kt-adv-heading163_3122ee-cd mark.kt-highlight, .wp-block-kadence-advancedheading.kt-adv-heading163_3122ee-cd[data-kb-block=\"kb-adv-heading163_3122ee-cd\"] mark.kt-highlight{font-style:normal;color:#f76a0c;-webkit-box-decoration-break:clone;box-decoration-break:clone;padding-top:0px;padding-right:0px;padding-bottom:0px;padding-left:0px;}<\/style>\n<h2 class=\"kt-adv-heading163_3122ee-cd wp-block-kadence-advancedheading\" data-kb-block=\"kb-adv-heading163_3122ee-cd\">Str.Agricultorilor Nr. 2\/1, Parc FNC , Arad, Romania<br><br>Telefon: +40745203399<br>E-mail: office@dzbasictech.com<br><\/h2>\n<\/div><\/div>\n\n\n<style>.kadence-column163_ee6e63-05 > .kt-inside-inner-col{padding-right:0px;padding-left:20px;}.kadence-column163_ee6e63-05 > .kt-inside-inner-col,.kadence-column163_ee6e63-05 > .kt-inside-inner-col:before{border-top-left-radius:0px;border-top-right-radius:0px;border-bottom-right-radius:0px;border-bottom-left-radius:0px;}.kadence-column163_ee6e63-05 > .kt-inside-inner-col{column-gap:var(--global-kb-gap-sm, 1rem);}.kadence-column163_ee6e63-05 > .kt-inside-inner-col{flex-direction:column;}.kadence-column163_ee6e63-05 > .kt-inside-inner-col > .aligncenter{width:100%;}.kadence-column163_ee6e63-05 > .kt-inside-inner-col:before{opacity:0.3;}.kadence-column163_ee6e63-05{position:relative;}@media all and (max-width: 1024px){.kadence-column163_ee6e63-05 > .kt-inside-inner-col{flex-direction:column;}}@media all and (max-width: 767px){.kadence-column163_ee6e63-05 > .kt-inside-inner-col{flex-direction:column;}}<\/style>\n<div class=\"wp-block-kadence-column kadence-column163_ee6e63-05\"><div class=\"kt-inside-inner-col\"><style>.wp-block-kadence-advancedheading.kt-adv-heading163_c13b56-b9, .wp-block-kadence-advancedheading.kt-adv-heading163_c13b56-b9[data-kb-block=\"kb-adv-heading163_c13b56-b9\"]{max-width:647px;padding-bottom:50px;font-size:20px;line-height:26px;font-weight:500;font-style:normal;font-family:'Open Sans';text-transform:none;color:#292b38;}.wp-block-kadence-advancedheading.kt-adv-heading163_c13b56-b9 mark.kt-highlight, .wp-block-kadence-advancedheading.kt-adv-heading163_c13b56-b9[data-kb-block=\"kb-adv-heading163_c13b56-b9\"] mark.kt-highlight{font-style:normal;color:#f76a0c;-webkit-box-decoration-break:clone;box-decoration-break:clone;padding-top:0px;padding-right:0px;padding-bottom:0px;padding-left:0px;}<\/style>\n<h2 class=\"kt-adv-heading163_c13b56-b9 wp-block-kadence-advancedheading\" data-kb-block=\"kb-adv-heading163_c13b56-b9\"><strong>Contact<\/strong><\/h2>\n\n\n<style>.wp-block-kadence-advancedheading.kt-adv-heading163_1cde23-fb, .wp-block-kadence-advancedheading.kt-adv-heading163_1cde23-fb[data-kb-block=\"kb-adv-heading163_1cde23-fb\"]{max-width:647px;padding-bottom:50px;font-size:16px;line-height:26px;font-weight:500;font-style:normal;font-family:'Open Sans';text-transform:none;color:#292b38;}.wp-block-kadence-advancedheading.kt-adv-heading163_1cde23-fb mark.kt-highlight, .wp-block-kadence-advancedheading.kt-adv-heading163_1cde23-fb[data-kb-block=\"kb-adv-heading163_1cde23-fb\"] mark.kt-highlight{font-style:normal;color:#f76a0c;-webkit-box-decoration-break:clone;box-decoration-break:clone;padding-top:0px;padding-right:0px;padding-bottom:0px;padding-left:0px;}<\/style>\n<p class=\"kt-adv-heading163_1cde23-fb wp-block-kadence-advancedheading\" data-kb-block=\"kb-adv-heading163_1cde23-fb\">Reach out, and we\u2019ll respond promptly \u2013 whether for a product demonstration, consultation or a tailored offer.<\/p>\n\n\n<div class='fluentform ff-default fluentform_wrapper_3  ff_guten_block ffs_custom_wrap'><form data-form_id=\"3\" id=\"fluentform_3\" class=\"frm-fluent-form fluent_form_3 ff-el-form-top ff_form_instance_3_1 ff-form-loading ffs_custom\" data-form_instance=\"ff_form_instance_3_1\" method=\"POST\" ><fieldset  style=\"border: none!important;margin: 0!important;padding: 0!important;background-color: transparent!important;box-shadow: none!important;outline: none!important; min-inline-size: 100%;\">\n                    <legend class=\"ff_screen_reader_title\" style=\"display: block; margin: 0!important;padding: 0!important;height: 0!important;text-indent: -999999px;width: 0!important;overflow:hidden;\">Formulat contact<\/legend><input type='hidden' name='__fluent_form_embded_post_id' value='163' \/><input type=\"hidden\" id=\"_fluentform_3_fluentformnonce\" name=\"_fluentform_3_fluentformnonce\" value=\"56cc0cc0f4\" \/><input type=\"hidden\" name=\"_wp_http_referer\" value=\"\/en\/wp-json\/wp\/v2\/pages\/163\" \/><div class='ff-el-group'><div class=\"ff-el-input--label asterisk-right\"><label for='ff_3_input_text' aria-label=\"Compania\">Compania<\/label><\/div><div class='ff-el-input--content'><input type=\"text\" name=\"input_text\" class=\"ff-el-form-control\" data-name=\"input_text\" id=\"ff_3_input_text\"  aria-invalid=\"false\" aria-required=\"false\"><\/div><\/div><div data-type=\"name-element\" data-name=\"names\" class=\"ff-field_container ff-name-field-wrapper\" ><div class='ff-t-container'><div class='ff-t-cell'><div class='ff-el-group ff-el-form-top'><div class=\"ff-el-input--label asterisk-right\"><label for='ff_3_names_first_name_' >First Name<\/label><\/div><div class='ff-el-input--content'><input type=\"text\" name=\"names[first_name]\" id=\"ff_3_names_first_name_\" class=\"ff-el-form-control\" placeholder=\"First Name\" aria-invalid=\"false\" aria-required=\"false\"><\/div><\/div><\/div><div class='ff-t-cell'><div class='ff-el-group ff-el-form-top'><div class=\"ff-el-input--label asterisk-right\"><label for='ff_3_names_last_name_' >Name<\/label><\/div><div class='ff-el-input--content'><input type=\"text\" name=\"names[last_name]\" id=\"ff_3_names_last_name_\" class=\"ff-el-form-control\" placeholder=\"Name\" aria-invalid=\"false\" aria-required=\"false\"><\/div><\/div><\/div><\/div><\/div><div class='ff-el-group'><div class=\"ff-el-input--label ff-el-is-required asterisk-right\"><label for='ff_3_email' aria-label=\"E-mail\">E-mail<\/label><\/div><div class='ff-el-input--content'><input type=\"email\" name=\"email\" id=\"ff_3_email\" class=\"ff-el-form-control\" placeholder=\"Email Address\" data-name=\"email\"  aria-invalid=\"false\" aria-required=\"true\"><\/div><\/div><div class='ff-el-group'><div class=\"ff-el-input--label asterisk-right\"><label for='ff_3_phone' aria-label=\"Phone\/Mobile\">Phone\/Mobile<\/label><\/div><div class='ff-el-input--content'><input name=\"phone\" class=\"ff-el-form-control ff-el-phone\" type=\"tel\" placeholder=\"Telefon Mobil\" data-name=\"phone\" id=\"ff_3_phone\" inputmode=\"tel\"  aria-invalid='false' aria-required=\"false\"><\/div><\/div><div class='ff-el-group ff-el-form-top  ff-dropzone'><div class=\"ff-el-input--label asterisk-right\"><label for='ff_3_file-upload_1' aria-label=\"\u00cenc\u0103rcare fi\u0219ier\">\u00cenc\u0103rcare fi\u0219ier<\/label><\/div><div class='ff-el-input--content'><label for='ff_3_file-upload_1' class='ff_file_upload_holder'><span class='ff_upload_btn ff-btn' tabindex='0'>Choose File<\/span> <input type=\"file\" name=\"file-upload\" id=\"ff_3_file-upload_1\" class=\"ff-el-form-control  ff-screen-reader-element\" data-name=\"file-upload\" multiple=\"1\"  aria-invalid='false' aria-required=\"false\"><\/label><\/div><\/div><div class='ff-el-group'><div class=\"ff-el-input--label ff-el-is-required asterisk-right\"><label for='ff_3_description' aria-label=\"Message\">Message<\/label><\/div><div class='ff-el-input--content'><textarea aria-invalid=\"false\" aria-required=\"true\" name=\"description\" id=\"ff_3_description\" class=\"ff-el-form-control\" rows=\"7\" cols=\"2\" data-name=\"description\" ><\/textarea><\/div><\/div><div class='ff-el-group ff-text-left ff_submit_btn_wrapper'><button type=\"submit\" class=\"ff-btn ff-btn-submit ff-btn-lg ff_btn_style wpf_has_custom_css\" >Send<\/button><\/div>\t\t<div id=\"cf-turnstile-fluent-3934594469\"\r\n\t\tclass=\"cf-turnstile\" \t\tdata-sitekey=\"0x4AAAAAACtTS24DhyB4Qa5Z\"\r\n\t\tdata-theme=\"light\"\r\n\t\tdata-language=\"auto\"\r\n\t\tdata-size=\"normal\"\r\n\t\tdata-retry=\"auto\" data-retry-interval=\"1000\"\r\n\t\tdata-refresh-expired=\"auto\"\r\n\t\tdata-action=\"fluent-form-3\"\r\n\t\t\t\tdata-appearance=\"always\"><\/div>\r\n\t\t\t<script>document.addEventListener(\"DOMContentLoaded\", function() { setTimeout(function(){ var e=document.getElementById(\"cf-turnstile-fluent-3934594469\"); e&&!e.innerHTML.trim()&&(turnstile.remove(\"#cf-turnstile-fluent-3934594469\"), turnstile.render(\"#cf-turnstile-fluent-3934594469\", {sitekey:\"0x4AAAAAACtTS24DhyB4Qa5Z\"})); }, 100); });<\/script>\r\n\t\t\t<br class=\"cf-turnstile-br cf-turnstile-br-fluent-3934594469\">\r\n\t\t\t\t<style>#cf-turnstile-fluent-3934594469 { margin-left: -15px; }<\/style>\r\n\t\t<\/fieldset><input type=\"hidden\" name=\"trp-form-language\" value=\"en\"\/><\/form><div id='fluentform_3_errors' class='ff-errors-in-stack ff_form_instance_3_1 ff-form-loading_errors ff_form_instance_3_1_errors'><\/div><\/div>        <script type=\"text\/javascript\">\n            window.fluent_form_ff_form_instance_3_1 = {\"id\":\"3\",\"settings\":{\"layout\":{\"labelPlacement\":\"top\",\"helpMessagePlacement\":\"with_label\",\"errorMessagePlacement\":\"inline\",\"cssClassName\":\"\",\"asteriskPlacement\":\"asterisk-right\"},\"restrictions\":{\"denyEmptySubmission\":{\"enabled\":false}}},\"form_instance\":\"ff_form_instance_3_1\",\"form_id_selector\":\"fluentform_3\",\"rules\":{\"input_text\":{\"required\":{\"value\":false,\"message\":\"This field is required\",\"global_message\":\"Acest c\\u00e2mp este obligatoriu\",\"global\":true}},\"names[first_name]\":{\"required\":{\"value\":false,\"message\":\"This field is required\",\"global_message\":\"Acest c\\u00e2mp este obligatoriu\",\"global\":true}},\"names[middle_name]\":{\"required\":{\"value\":false,\"message\":\"This field is required\",\"global_message\":\"Acest c\\u00e2mp este obligatoriu\",\"global\":true}},\"names[last_name]\":{\"required\":{\"value\":false,\"message\":\"This field is required\",\"global_message\":\"Acest c\\u00e2mp este obligatoriu\",\"global\":true}},\"email\":{\"required\":{\"value\":true,\"message\":\"This field is required\",\"global_message\":\"Acest c\\u00e2mp este obligatoriu\",\"global\":true},\"email\":{\"value\":true,\"message\":\"This field must contain a valid email\",\"global_message\":\"Acest c\\u00e2mp trebuie s\\u0103 con\\u021bin\\u0103 un e-mail valid\",\"global\":true}},\"phone\":{\"required\":{\"value\":false,\"global\":true,\"message\":\"This field is required\",\"global_message\":\"Acest c\\u00e2mp este obligatoriu\"},\"valid_phone_number\":{\"value\":false,\"global\":true,\"message\":\"Phone number is not valid\",\"global_message\":\"Phone number is not valid\"}},\"file-upload\":{\"required\":{\"value\":false,\"message\":\"This field is required\",\"global_message\":\"Acest c\\u00e2mp este obligatoriu\",\"global\":true},\"max_file_size\":{\"value\":20971520,\"_valueFrom\":\"MB\",\"message\":\"Validation fails for maximum file size\",\"global_message\":\"Validarea e\\u0219ueaz\\u0103 pentru dimensiunea maxim\\u0103 a fi\\u0219ierului\",\"global\":true},\"max_file_count\":{\"value\":\"10\",\"message\":\"Validation fails for maximum file count\",\"global_message\":\"Validarea e\\u0219ueaz\\u0103 pentru num\\u0103rul maxim de fi\\u0219iere\",\"global\":true},\"allowed_file_types\":{\"value\":[],\"message\":\"Invalid file type\",\"global_message\":\"Fisier invalid\",\"global\":true}},\"description\":{\"required\":{\"value\":true,\"message\":\"This field is required\",\"global_message\":\"Acest c\\u00e2mp este obligatoriu\",\"global\":true}}},\"debounce_time\":300};\n                    <\/script>\n        <\/div><\/div>\n\n<\/div><\/div>","protected":false},"excerpt":{"rendered":"<p>Contacteaz\u0103-ne Cum v\u0103 putem ajuta? Str.Agricultorilor Nr. 2\/1, Parc FNC , Arad, Romania Telefon: +40745203399E-mail: office@dzbasictech.com Contact Contacta\u021bi-ne \u0219i v\u0103 vom r\u0103spunde rapid \u2013 fie pentru o demonstra\u021bie de produs, o consultan\u021b\u0103, o ofert\u0103 personalizat\u0103.<\/p>","protected":false},"author":2,"featured_media":0,"parent":0,"menu_order":0,"comment_status":"closed","ping_status":"closed","template":"","meta":{"_acf_changed":false,"_seopress_robots_primary_cat":"","_seopress_titles_title":"","_seopress_titles_desc":"","_seopress_robots_index":"","_kad_blocks_custom_css":"","_kad_blocks_head_custom_js":"","_kad_blocks_body_custom_js":"","_kad_blocks_footer_custom_js":"","_kad_post_transparent":"","_kad_post_title":"","_kad_post_layout":"","_kad_post_sidebar_id":"","_kad_post_content_style":"","_kad_post_vertical_padding":"","_kad_post_feature":"","_kad_post_feature_position":"","_kad_post_header":false,"_kad_post_footer":false,"_kad_post_classname":"","footnotes":""},"class_list":["post-163","page","type-page","status-publish","hentry"],"acf":[],"taxonomy_info":[],"featured_image_src_large":false,"author_info":{"display_name":"design1@gridfunnels.com","author_link":"https:\/\/dzbasictech.com\/en\/author\/design1gridfunnels-com\/"},"comment_info":0,"_links":{"self":[{"href":"https:\/\/dzbasictech.com\/en\/wp-json\/wp\/v2\/pages\/163","targetHints":{"allow":["GET"]}}],"collection":[{"href":"https:\/\/dzbasictech.com\/en\/wp-json\/wp\/v2\/pages"}],"about":[{"href":"https:\/\/dzbasictech.com\/en\/wp-json\/wp\/v2\/types\/page"}],"author":[{"embeddable":true,"href":"https:\/\/dzbasictech.com\/en\/wp-json\/wp\/v2\/users\/2"}],"replies":[{"embeddable":true,"href":"https:\/\/dzbasictech.com\/en\/wp-json\/wp\/v2\/comments?post=163"}],"version-history":[{"count":40,"href":"https:\/\/dzbasictech.com\/en\/wp-json\/wp\/v2\/pages\/163\/revisions"}],"predecessor-version":[{"id":684,"href":"https:\/\/dzbasictech.com\/en\/wp-json\/wp\/v2\/pages\/163\/revisions\/684"}],"wp:attachment":[{"href":"https:\/\/dzbasictech.com\/en\/wp-json\/wp\/v2\/media?parent=163"}],"curies":[{"name":"wp","href":"https:\/\/api.w.org\/{rel}","templated":true}]}}